{"id":414,"date":"2012-08-25T11:49:26","date_gmt":"2012-08-25T10:49:26","guid":{"rendered":"https:\/\/www.kolja-engelmann.de\/blog\/?page_id=414"},"modified":"2013-05-01T11:28:32","modified_gmt":"2013-05-01T10:28:32","slug":"wer","status":"publish","type":"page","link":"https:\/\/www.kolja-engelmann.de\/blog\/wer\/","title":{"rendered":"Wer"},"content":{"rendered":"<p>Wen interessiert schon wer hier schreibt, au\u00dfer vielleicht mein Ego und dessen unerm\u00fcdlicher Drang nach Selbstbeweihr\u00e4ucherung? Mein Name ist Kolja Engelmann, Berliner Jung, Kind der 90er, Digital Native, selbsternannter Toolking und gr\u00f6\u00dfer Drachenfan Deutschlands. In der Schule war ich in Bio stets einer der Besten, was lag also n\u00e4her als Informatik zu studieren? Folglich qu\u00e4lte ich mich nach dem Abi 7 Jahre lang durch die Mathematik, theoretische Mathematik und hochtheoretische (aber noch langweiligere) Mathematik meines Studienganges an der Universit\u00e4t Potsdam, um am Ende der Zeit ein Blatt Papier mit der Best\u00e4tigung abzuholen, dass ich jetzt einen Master darin habe Dinge zu wissen, mit denen man Frauen nicht beeindrucken kann.<\/p>\n<p>Zum Gl\u00fcck hatte ich im Laufe der Zeit eine wirklich gute Ausrede f\u00fcr meine lange Studienzeit gefunden, denn als man mich fragte vor die Wahl stellte, ob ich denn mal rasch f\u00fcr ein &#8222;Event&#8220; nach Dubai jetten oder lieber meine Matheklausur schreiben wolle, verkaufte ich meine Seele einem gro\u00dfen Telekommunikationsanbieter. Seitdem gebe ich ich auf die Frage nach meinem Beruf immer stolz &#8222;Hotelbettentester&#8220; oder &#8222;Vielflieger&#8220; an. Klingt doch auch besser als &#8222;Systemintegrator&#8220;, schlie\u00dflich erh\u00e4lt man bei letzterem h\u00f6chstens ein &#8222;Aha&#8220; als Antwort, w\u00e4hrend bei Erstgenanntem zumindest mal eine Nachfrage kommt und man sich in viele Unterhaltungen mit seinem profunden Halb- oder Nichtwissen \u00fcber die Welt einschleichen kann.<\/p>\n<p>So verbringe ich also meine Arbeitszeit auf Messen und Kongressen und darf mich an allerlei technischen Spielereien austoben, \u00fcber die ich hier auch am Rande schreibe. Es h\u00e4tte schlimmer kommen k\u00f6nnen \ud83d\ude42<\/p>\n<p>Falls jemand jetzt tats\u00e4chlich bis hierhin gelesen haben sollte, dann geh\u00f6rt derjenige vermutlich zu meiner Familie oder engem Freundeskreis. Oder ist es f\u00fcr den Leser tats\u00e4chlich von Bedeutung, dass ich in meiner Freizeit gern allerlei sportliche Aktivit\u00e4ten ausprobiere mit meiner Kamera verwachsen oder mit einer fantastischen Frau liiert bin? F\u00fcr den fremden Beobachter kann es dabei ja auch v\u00f6llig egal sein, dass ich eine gro\u00dfe Sammlung an Drachenb\u00fcchern mein Eigen nenne, nebenbei die Webseite <a href=\"http:\/\/www.dragonslayer.de\" target=\"_blank\">http:\/\/www.dragonslayer.de<\/a> mit meinen semi-professionellen Erg\u00fcssen bef\u00fclle und damit noch mehr Nerd-Punkte auf meinem Konto sammle? Ach ja und um der Nichtigkeit noch eins drauf zu setzen: Ich liebe Schokolade und Fleisch.<\/p>\n<p>Zeichnet man mit diesen Informationen nun ein Bild, dann erh\u00e4lt man ein ziemlich exaktes Portrait von mir. In diesem Sinne also ein herzliches Willkommen in meiner Welt und jetzt verzieh dich aus dieser &#8222;Biographie&#8220; und lies lieber etwas wirklich interessantes, z.B. meine <a href=\"https:\/\/www.kolja-engelmann.de\/blog\/\">Blogeintr\u00e4ge<\/a>.<\/p>\n<p><a href=\"https:\/\/www.kolja-engelmann.de\/blog\/wp-content\/uploads\/2012\/08\/Unterschrift.png\"><img loading=\"lazy\" decoding=\"async\" class=\"alignnone size-medium wp-image-591\" title=\"Unterschrift\" alt=\"\" src=\"https:\/\/www.kolja-engelmann.de\/blog\/wp-content\/uploads\/2012\/08\/Unterschrift-300x76.png\" width=\"300\" height=\"76\" srcset=\"https:\/\/www.kolja-engelmann.de\/blog\/wp-content\/uploads\/2012\/08\/Unterschrift-300x76.png 300w, https:\/\/www.kolja-engelmann.de\/blog\/wp-content\/uploads\/2012\/08\/Unterschrift-500x126.png 500w, https:\/\/www.kolja-engelmann.de\/blog\/wp-content\/uploads\/2012\/08\/Unterschrift.png 989w\" sizes=\"auto, (max-width: 300px) 100vw, 300px\" \/><\/a><\/p>","protected":false},"excerpt":{"rendered":"<p>Wen interessiert schon wer hier schreibt, au\u00dfer vielleicht mein Ego und dessen unerm\u00fcdlicher Drang nach Selbstbeweihr\u00e4ucherung? Mein Name ist Kolja Engelmann, Berliner Jung, Kind der 90er, Digital Native, selbsternannter Toolking und gr\u00f6\u00dfer Drachenfan Deutschlands. In&#46;&#46;&#46;<\/p>\n","protected":false},"author":1,"featured_media":0,"parent":0,"menu_order":0,"comment_status":"open","ping_status":"open","template":"","meta":{"footnotes":""},"class_list":["post-414","page","type-page","status-publish","hentry"],"jetpack_sharing_enabled":true,"amp_enabled":true,"_links":{"self":[{"href":"https:\/\/www.kolja-engelmann.de\/blog\/wp-json\/wp\/v2\/pages\/414","targetHints":{"allow":["GET"]}}],"collection":[{"href":"https:\/\/www.kolja-engelmann.de\/blog\/wp-json\/wp\/v2\/pages"}],"about":[{"href":"https:\/\/www.kolja-engelmann.de\/blog\/wp-json\/wp\/v2\/types\/page"}],"author":[{"embeddable":true,"href":"https:\/\/www.kolja-engelmann.de\/blog\/wp-json\/wp\/v2\/users\/1"}],"replies":[{"embeddable":true,"href":"https:\/\/www.kolja-engelmann.de\/blog\/wp-json\/wp\/v2\/comments?post=414"}],"version-history":[{"count":0,"href":"https:\/\/www.kolja-engelmann.de\/blog\/wp-json\/wp\/v2\/pages\/414\/revisions"}],"wp:attachment":[{"href":"https:\/\/www.kolja-engelmann.de\/blog\/wp-json\/wp\/v2\/media?parent=414"}],"curies":[{"name":"wp","href":"https:\/\/api.w.org\/{rel}","templated":true}]}}