{"id":204,"date":"2012-06-08T07:33:28","date_gmt":"2012-06-08T06:33:28","guid":{"rendered":"http:\/\/www.kolja-engelmann.de\/blog\/?page_id=204"},"modified":"2016-12-20T16:38:34","modified_gmt":"2016-12-20T15:38:34","slug":"impressum","status":"publish","type":"page","link":"https:\/\/www.kolja-engelmann.de\/blog\/impressum\/","title":{"rendered":"Impressum"},"content":{"rendered":"<h2>Impressum F\u00fcr: Digital-Native<\/h2>\n<p>Gem\u00e4\u00df \u00a7 28 BDSG widerspreche ich jeder kommerziellen Verwendung und Weitergabe meiner Daten.<\/p>\n<p><strong>Verantwortungsbereich<\/strong>:\u00a0Das Impressum gilt nur f\u00fcr die Internetpr\u00e4senz unter der Adresse: http:\/\/www.kolja-engelmann.de<\/p>\n<p><strong>Abgrenzung<\/strong>:\u00a0Die Web-Pr\u00e4senz ist Teil des WWW und dementsprechend mit fremden, sich jederzeit wandeln k\u00f6nnenden Web-Sites verkn\u00fcpft, die folglich auch nicht diesem Verantwortungsbereich unterliegen und f\u00fcr die nachfolgende Informationen nicht gelten. Dass die Links weder gegen Sitten noch Gesetze versto\u00dfen, wurde genau einmal gepr\u00fcft und zwar bevor sie hier aufgenommen wurden. Solche Links, die zu fremden Webprojekten f\u00fchren, erkennen Sie daran, dass Sie in einem neuen Browserfenster ge\u00f6ffnet werden.<\/p>\n<p><strong>Verantwortliche Ansprechperson<\/strong>:\u00a0Kolja Engelmann<br \/>\n<strong>Anschrift<\/strong>: Wildganssteig\u00a0109, 13503 Berlin<br \/>\n<strong>elektronische Postadresse<\/strong>: Bitte verwenden sie das <a title=\"Kontakt\" href=\"http:\/\/www.kolja-engelmann.de\/blog\/kontakt\/\">Kontaktformular<\/a><br \/>\n<strong>Auftraggeber f\u00fcr Werbung<\/strong>:\u00a0Google Inc.<\/p>\n<h3>Datenschutz<\/h3>\n<p>Personenbezogene Daten werden auf dieser Webseite nicht automatisiert erhoben, es sei denn der Benutzer hinterl\u00e4sst diese selbst\u00e4ndig, z.B. in Kommentarfeldern. Zur Auswertung von Besuchsstatistiken wird ein Skript von WordPress.com verwendet. &#8222;<em>WordPress.com stats do not track unique visitors, IP addresses, or other details.<\/em>&#8220;<\/p>\n<h3>Keine Haftung:<\/h3>\n<p>Die Inhalte dieses Webprojektes wurden sorgf\u00e4ltig gepr\u00fcft und nach bestem Wissen erstellt. Aber f\u00fcr die hier dargebotenen Informationen wird kein Anspruch auf Vollst\u00e4ndigkeit, Aktualit\u00e4t, Qualit\u00e4t und Richtigkeit erhoben. Es kann keine Verantwortung f\u00fcr Sch\u00e4den \u00fcbernommen werden, die durch das Vertrauen auf die Inhalte dieser Website oder deren Gebrauch entstehen.<\/p>\n<h3>Schutzrechtsverletzung:<\/h3>\n<p>Falls Sie vermuten, dass von dieser Website aus eines Ihrer Schutzrechte verletzt wird, teilen Sie das bitte umgehend per elektronischer Post mit, damit z\u00fcgig Abhilfe geschaffen werden kann. Bitte nehmen Sie zur Kenntnis: Die zeitaufw\u00e4ndigere Einschaltung eines Anwaltes zur f\u00fcr den Diensteanbieter kostenpflichtigen Abmahnung entspricht nicht dessen wirklichem oder mutma\u00dflichem Willen.<\/p>","protected":false},"excerpt":{"rendered":"<p>Impressum F\u00fcr: Digital-Native Gem\u00e4\u00df \u00a7 28 BDSG widerspreche ich jeder kommerziellen Verwendung und Weitergabe meiner Daten. Verantwortungsbereich:\u00a0Das Impressum gilt nur f\u00fcr die Internetpr\u00e4senz unter der Adresse: http:\/\/www.kolja-engelmann.de Abgrenzung:\u00a0Die Web-Pr\u00e4senz ist Teil des WWW und dementsprechend&#46;&#46;&#46;<\/p>\n","protected":false},"author":1,"featured_media":0,"parent":0,"menu_order":0,"comment_status":"open","ping_status":"open","template":"","meta":{"footnotes":""},"class_list":["post-204","page","type-page","status-publish","hentry"],"jetpack_sharing_enabled":true,"amp_enabled":true,"_links":{"self":[{"href":"https:\/\/www.kolja-engelmann.de\/blog\/wp-json\/wp\/v2\/pages\/204","targetHints":{"allow":["GET"]}}],"collection":[{"href":"https:\/\/www.kolja-engelmann.de\/blog\/wp-json\/wp\/v2\/pages"}],"about":[{"href":"https:\/\/www.kolja-engelmann.de\/blog\/wp-json\/wp\/v2\/types\/page"}],"author":[{"embeddable":true,"href":"https:\/\/www.kolja-engelmann.de\/blog\/wp-json\/wp\/v2\/users\/1"}],"replies":[{"embeddable":true,"href":"https:\/\/www.kolja-engelmann.de\/blog\/wp-json\/wp\/v2\/comments?post=204"}],"version-history":[{"count":0,"href":"https:\/\/www.kolja-engelmann.de\/blog\/wp-json\/wp\/v2\/pages\/204\/revisions"}],"wp:attachment":[{"href":"https:\/\/www.kolja-engelmann.de\/blog\/wp-json\/wp\/v2\/media?parent=204"}],"curies":[{"name":"wp","href":"https:\/\/api.w.org\/{rel}","templated":true}]}}