{"id":202,"date":"2012-06-08T07:15:31","date_gmt":"2012-06-08T06:15:31","guid":{"rendered":"http:\/\/www.kolja-engelmann.de\/blog\/?page_id=202"},"modified":"2014-06-25T11:59:48","modified_gmt":"2014-06-25T09:59:48","slug":"was","status":"publish","type":"page","link":"https:\/\/www.kolja-engelmann.de\/blog\/was\/","title":{"rendered":"Was"},"content":{"rendered":"<p>Was soll diese Webseite hier \u00fcberhaupt? Noch ein Blog? Ja genau, noch ein Blog. Eines das prim\u00e4r eine Ged\u00e4chtnisst\u00fctze f\u00fcr mich sein soll und Dinge betrifft, die mich interessieren.<\/p>\n<p><strong>Probleml\u00f6sungen<\/strong> &#8211; Sucht man im Internet nach der L\u00f6sung eines beliebig gearteten Problems, so findet man zun\u00e4chst mal knapp 10.000 Leute die das gleiche Problem haben und ebenfalls suchen, Menschen die schreiben &#8222;<em>Danke, hat sich schon erledigt<\/em>&#8222;, die L\u00f6sung dann aber nicht mit angeben oder ganz schlaue Wesen, die &#8222;<em>Nimm doch Linux<\/em>&#8222;, &#8222;<em>Warum nimmst&#8217;e denn nich&#8216; xyz<\/em>&#8220; schreiben, aber mit keinem Wort auf das eigentliche Problem eingehen. Da ich dabei regelm\u00e4\u00dfig Tobsuchtanf\u00e4lle gepaart mit Ganzk\u00f6rpertourette erleide, m\u00f6chte ich ab sofort die L\u00f6sungen zu meinen Problemen hier festhalten. Ich bilde mir nicht ein, dass diese perfekt sind, aber immerhin ist es eine L\u00f6sung und ich hoffe dass ich nicht nur mir (wenn ich mal wieder etwas vergessen haben sollte), sondern auch anderen damit behilflich sein kann.<br \/>\n<img loading=\"lazy\" decoding=\"async\" class=\"aligncenter wp-image-412 size-full\" title=\"Wisdom of the ancients\" src=\"https:\/\/www.kolja-engelmann.de\/blog\/wp-content\/uploads\/2012\/06\/wisdom_of_the_ancients.png\" alt=\"\" width=\"485\" height=\"270\" srcset=\"https:\/\/www.kolja-engelmann.de\/blog\/wp-content\/uploads\/2012\/06\/wisdom_of_the_ancients.png 485w, https:\/\/www.kolja-engelmann.de\/blog\/wp-content\/uploads\/2012\/06\/wisdom_of_the_ancients-300x167.png 300w\" sizes=\"auto, (max-width: 485px) 100vw, 485px\" \/><\/p>\n<p><strong>Privates<\/strong> &#8211; Ich nehme mir nicht nur das Recht eine pers\u00f6nliche Meinung zu haben, sondern auch diese m\u00f6glichst subjektiv und gespickt mit allerlei Rechtschreibfehlern oder auch Schimpfworten hier kundzutun. Deswegen kann es durchaus mal passieren, dass ich Bilder, Videos, Zitate, Anst\u00f6\u00dfiges oder Vulg\u00e4res poste, nur um mir selbst und meinem Drang mich auszudr\u00fccken Gen\u00fcge zu tun. Soll hei\u00dfen, dass in diesem Blog nicht nur IT-Themen behandelt werden, sondern ich vielleicht auch mal etwas \u00fcber Photographie, Ponys oder Fu\u00dfball schreiben werde. Obwohl&#8230;Fu\u00dfball eher nicht \ud83d\ude09<\/p>\n<p><strong>Alleinherrschaft<\/strong> &#8211; Da ich den einen oder anderen Autor\/Redakteur\/Menschen mit Meinung\/&#8230; kenne, schreibe ich nicht v\u00f6llig allein, sondern lasse auch textuelle Fremderg\u00fcsse zu.<\/p>\n<p><strong>Digital Native<\/strong> &#8211; Bescheuerter Name? Ja sucht mal nach einem Namen f\u00fcr ein Blog, das ist gar nicht so einfach. Digital Native passt insofern ganz gut, da ich nun mal genau in diese Zeit hineingeboren wurde und sie auch lebe. Mit Gadgets, Tools, Software und nostalgischen Anspielungen auf die guten 90er kann man mir Kringel um die Augen zaubern.<\/p>","protected":false},"excerpt":{"rendered":"<p>Was soll diese Webseite hier \u00fcberhaupt? Noch ein Blog? Ja genau, noch ein Blog. Eines das prim\u00e4r eine Ged\u00e4chtnisst\u00fctze f\u00fcr mich sein soll und Dinge betrifft, die mich interessieren. Probleml\u00f6sungen &#8211; Sucht man im Internet&#46;&#46;&#46;<\/p>\n","protected":false},"author":1,"featured_media":0,"parent":0,"menu_order":0,"comment_status":"open","ping_status":"open","template":"","meta":{"footnotes":""},"class_list":["post-202","page","type-page","status-publish","hentry"],"jetpack_sharing_enabled":true,"amp_enabled":true,"_links":{"self":[{"href":"https:\/\/www.kolja-engelmann.de\/blog\/wp-json\/wp\/v2\/pages\/202","targetHints":{"allow":["GET"]}}],"collection":[{"href":"https:\/\/www.kolja-engelmann.de\/blog\/wp-json\/wp\/v2\/pages"}],"about":[{"href":"https:\/\/www.kolja-engelmann.de\/blog\/wp-json\/wp\/v2\/types\/page"}],"author":[{"embeddable":true,"href":"https:\/\/www.kolja-engelmann.de\/blog\/wp-json\/wp\/v2\/users\/1"}],"replies":[{"embeddable":true,"href":"https:\/\/www.kolja-engelmann.de\/blog\/wp-json\/wp\/v2\/comments?post=202"}],"version-history":[{"count":0,"href":"https:\/\/www.kolja-engelmann.de\/blog\/wp-json\/wp\/v2\/pages\/202\/revisions"}],"wp:attachment":[{"href":"https:\/\/www.kolja-engelmann.de\/blog\/wp-json\/wp\/v2\/media?parent=202"}],"curies":[{"name":"wp","href":"https:\/\/api.w.org\/{rel}","templated":true}]}}